{"id":1118,"date":"2024-06-10T14:36:48","date_gmt":"2024-06-10T17:36:48","guid":{"rendered":"https:\/\/grad.eba.ufmg.br\/artesvisuais\/?page_id=1118"},"modified":"2024-07-17T14:57:47","modified_gmt":"2024-07-17T17:57:47","slug":"fca","status":"publish","type":"page","link":"https:\/\/grad.eba.ufmg.br\/artesvisuais\/index.php\/fca\/","title":{"rendered":"Forma\u00e7\u00e3o Complementar Aberta (FCA)"},"content":{"rendered":"\n<div class=\"wp-block-group is-vertical is-layout-flex wp-container-core-group-is-layout-8cf370e7 wp-block-group-is-layout-flex\">\n<p class=\"small-caps\">O que \u00e9 a Forma\u00e7\u00e3o Complementar Aberta (FCA)?<\/p>\n\n\n\n<p>A <strong>Forma\u00e7\u00e3o Complementar Aberta (FCA)<\/strong> integra um conjunto de conhecimentos conexos de um determinado campo profissional, normalmente realizado atrav\u00e9s de atividades acad\u00eamicas em outro(s) curso(s) de gradua\u00e7\u00e3o da UFMG. Baseia-se na possibilidade de escolha de uma complementa\u00e7\u00e3o da forma\u00e7\u00e3o espec\u00edfica, mediante aquisi\u00e7\u00e3o de saberes em \u00e1reas afins. A FCA, com base nas atividades acad\u00eamicas, parte de proposi\u00e7\u00e3o do aluno, condicionada \u00e0 autoriza\u00e7\u00e3o do Colegiado.<\/p>\n<\/div>\n\n\n\n<div style=\"height:20px\" aria-hidden=\"true\" class=\"wp-block-spacer\"><\/div>\n\n\n\n<div class=\"wp-block-group is-vertical is-layout-flex wp-container-core-group-is-layout-8cf370e7 wp-block-group-is-layout-flex\">\n<p class=\"small-caps\">Como solicitar a FCA em outro(s) curso(s) (para estudantes de Artes Visuais)<\/p>\n\n\n\n<p class=\"yuri-cl\">Para realizar o percurso de Forma\u00e7\u00e3o Complementar Aberta, o estudante dever\u00e1: (1) verificar se o(s) curso(s) da forma\u00e7\u00e3o pretendida fornece(m) vagas para Forma\u00e7\u00e3o Complementar Aberta\/Forma\u00e7\u00e3o Livre; (2) enviar o requerimento de mudan\u00e7a de percurso, exclusivamente atrav\u00e9s da tarefa disponibilizada no <a href=\"https:\/\/grad.eba.ufmg.br\/artesvisuais\/index.php\/moodle\/\" data-type=\"link\" data-id=\"https:\/\/grad.eba.ufmg.br\/artesvisuais\/index.php\/moodle\/\" target=\"_blank\" rel=\"noreferrer noopener\">Moodle do Colegiado<\/a>, contendo uma rela\u00e7\u00e3o das disciplinas que deseja cursar e uma justificativa para a solicita\u00e7\u00e3o; (3) aguardar a an\u00e1lise da Coordena\u00e7\u00e3o, que ir\u00e1 encaminhar o requerimento para o(s) Colegiado(s) do(s) outro(s) curso(s); e (4) caso os Colegiados aprovem o pedido, aguardar o lan\u00e7amento da altera\u00e7\u00e3o de percurso. <strong>O requerimento dever\u00e1 ser enviado durante o per\u00edodo de mudan\u00e7a de percurso curricular.<\/strong><\/p>\n<\/div>\n\n\n\n<div style=\"height:20px\" aria-hidden=\"true\" class=\"wp-block-spacer\"><\/div>\n\n\n\n<div class=\"wp-block-group is-vertical is-layout-flex wp-container-core-group-is-layout-8cf370e7 wp-block-group-is-layout-flex\">\n<p class=\"small-caps\">Como solicitar a FCA em Artes Visuais (para estudantes de outros cursos)<\/p>\n\n\n\n<p>O estudante dever\u00e1 entrar em contato com o Colegiado do seu curso, solicitando a FCA; caso o requerimento seja deferido, o Colegiado do estudante dever\u00e1 encaminhar ao Colegiado de Artes Visuais um processo no SEI-UFMG, com a solicita\u00e7\u00e3o do estudante, para an\u00e1lise e poss\u00edvel deferimento.<\/p>\n<\/div>\n","protected":false},"excerpt":{"rendered":"<p>O que \u00e9 a Forma\u00e7\u00e3o Complementar Aberta (FCA)? A Forma\u00e7\u00e3o Complementar Aberta (FCA) integra um conjunto de conhecimentos conexos de um determinado campo profissional, normalmente realizado atrav\u00e9s de atividades acad\u00eamicas em outro(s) curso(s) de gradua\u00e7\u00e3o da UFMG. Baseia-se na possibilidade de escolha de uma complementa\u00e7\u00e3o da forma\u00e7\u00e3o espec\u00edfica, mediante aquisi\u00e7\u00e3o de saberes em \u00e1reas afins. &hellip; <\/p>\n<p class=\"link-more\"><a href=\"https:\/\/grad.eba.ufmg.br\/artesvisuais\/index.php\/fca\/\" class=\"more-link\">Continue lendo<span class=\"screen-reader-text\"> &#8220;Forma\u00e7\u00e3o Complementar Aberta (FCA)&#8221;<\/span><\/a><\/p>\n","protected":false},"author":1,"featured_media":0,"parent":0,"menu_order":0,"comment_status":"closed","ping_status":"closed","template":"","meta":{"footnotes":""},"class_list":["post-1118","page","type-page","status-publish","hentry"],"_links":{"self":[{"href":"https:\/\/grad.eba.ufmg.br\/artesvisuais\/index.php\/wp-json\/wp\/v2\/pages\/1118","targetHints":{"allow":["GET"]}}],"collection":[{"href":"https:\/\/grad.eba.ufmg.br\/artesvisuais\/index.php\/wp-json\/wp\/v2\/pages"}],"about":[{"href":"https:\/\/grad.eba.ufmg.br\/artesvisuais\/index.php\/wp-json\/wp\/v2\/types\/page"}],"author":[{"embeddable":true,"href":"https:\/\/grad.eba.ufmg.br\/artesvisuais\/index.php\/wp-json\/wp\/v2\/users\/1"}],"replies":[{"embeddable":true,"href":"https:\/\/grad.eba.ufmg.br\/artesvisuais\/index.php\/wp-json\/wp\/v2\/comments?post=1118"}],"version-history":[{"count":8,"href":"https:\/\/grad.eba.ufmg.br\/artesvisuais\/index.php\/wp-json\/wp\/v2\/pages\/1118\/revisions"}],"predecessor-version":[{"id":1597,"href":"https:\/\/grad.eba.ufmg.br\/artesvisuais\/index.php\/wp-json\/wp\/v2\/pages\/1118\/revisions\/1597"}],"wp:attachment":[{"href":"https:\/\/grad.eba.ufmg.br\/artesvisuais\/index.php\/wp-json\/wp\/v2\/media?parent=1118"}],"curies":[{"name":"wp","href":"https:\/\/api.w.org\/{rel}","templated":true}]}}