{"id":1117,"date":"2024-06-10T14:36:48","date_gmt":"2024-06-10T17:36:48","guid":{"rendered":"https:\/\/grad.eba.ufmg.br\/artesvisuais\/?page_id=1117"},"modified":"2025-03-07T17:10:52","modified_gmt":"2025-03-07T20:10:52","slug":"matriculas","status":"publish","type":"page","link":"https:\/\/grad.eba.ufmg.br\/artesvisuais\/index.php\/matriculas\/","title":{"rendered":"Matr\u00edculas"},"content":{"rendered":"\n<div class=\"wp-block-group is-vertical is-layout-flex wp-container-core-group-is-layout-8cf370e7 wp-block-group-is-layout-flex\">\n<p class=\"small-caps\">Fases de matr\u00edcula<\/p>\n\n\n\n<p><span class=\"small-caps\">1\u00aa fase:<\/span> envio do requerimento de matr\u00edcula on-line (n\u00facleo espec\u00edfico).<br><span class=\"small-caps\">2\u00aa fase:<\/span> envio do requerimento de inclus\u00e3o de novas atividades (n\u00facleo espec\u00edfico) em turmas com vagas.<br><span class=\"small-caps\">3\u00aa fase:<\/span> requerimento de matr\u00edcula em Forma\u00e7\u00e3o Livre (n\u00facleo geral), Forma\u00e7\u00e3o Complementar Aberta e Forma\u00e7\u00e3o Transversal (n\u00facleo complementar).<br><span class=\"small-caps\">4\u00aa fase:<\/span> requerimento de matr\u00edcula em AACs de p\u00f3s-gradua\u00e7\u00e3o (n\u00facleo avan\u00e7ado) pelos(as) estudantes de gradua\u00e7\u00e3o nos colegiados dos cursos de p\u00f3s-gradua\u00e7\u00e3o.<\/p>\n\n\n\n<p class=\"yuri-cl\">Para mais informa\u00e7\u00f5es, confira o <strong>Cronograma de Oferta e Matr\u00edcula<\/strong>, dispon\u00edvel no <a href=\"https:\/\/www2.ufmg.br\/drca\/drca\/Home\/Graduacao\/Matricula-de-estudantes-veteranos-as-de-graduacao\" target=\"_blank\" rel=\"noreferrer noopener\">site<\/a> do Departamento de Registro e Controle Acad\u00eamico (DRCA).<\/p>\n<\/div>\n\n\n\n<div style=\"height:20px\" aria-hidden=\"true\" class=\"wp-block-spacer\"><\/div>\n\n\n\n<div class=\"wp-block-group is-vertical is-layout-flex wp-container-core-group-is-layout-8cf370e7 wp-block-group-is-layout-flex\">\n<p class=\"small-caps\">Quadro de hor\u00e1rios<\/p>\n\n\n\n<div class=\"wp-block-group yuri-cl is-nowrap is-layout-flex wp-container-core-group-is-layout-ad2f72ca wp-block-group-is-layout-flex\">\n<p><strong>Semestre atual:<\/strong><\/p>\n\n\n\n<p><a href=\"https:\/\/docs.google.com\/spreadsheets\/d\/1fqdA1i_-5wnLexzgdDDcqEKo8m4RFA2ecTOv4pj6zco\/edit?usp=sharing\">2025\/1<\/a><\/p>\n<\/div>\n\n\n\n<div class=\"wp-block-group yuri-cl is-layout-flex wp-block-group-is-layout-flex\">\n<p><strong>Semestres anteriores:<\/strong><\/p>\n\n\n\n<p><a href=\"https:\/\/docs.google.com\/spreadsheets\/d\/1giH6bHclMVBuGpv3YwPUB6ZI8zi9a6XLCL_tun42KrE\/edit?usp=sharing\" target=\"_blank\" rel=\"noreferrer noopener\">2024\/2<\/a><\/p>\n\n\n\n<p><a href=\"https:\/\/docs.google.com\/spreadsheets\/d\/1D6ia4dX0T4nlhmdhEeeVKePY06GBMFCuvOjrwmZgxHY\/edit?usp=drive_link\" target=\"_blank\" rel=\"noreferrer noopener\">2024\/1<\/a><\/p>\n\n\n\n<p><a href=\"https:\/\/grad.eba.ufmg.br\/artesvisuais\/wp-content\/uploads\/2024\/06\/Artes-Visuais_Quadro-de-Horarios-2023-2.pdf\" target=\"_blank\" rel=\"noreferrer noopener\">2023\/2<\/a><\/p>\n\n\n\n<p><a href=\"https:\/\/grad.eba.ufmg.br\/artesvisuais\/wp-content\/uploads\/2024\/06\/Artes-Visuais_Quadro-de-Horarios-2023-1.pdf\" data-type=\"link\" data-id=\"https:\/\/grad.eba.ufmg.br\/artesvisuais\/wp-content\/uploads\/2024\/06\/Artes-Visuais_Quadro-de-Horarios-2023-1.pdf\" target=\"_blank\" rel=\"noreferrer noopener\">2023\/1<\/a><\/p>\n\n\n\n<p><a href=\"https:\/\/grad.eba.ufmg.br\/artesvisuais\/wp-content\/uploads\/2024\/06\/Artes-Visuais_Quadro-de-Horarios-2022-2.pdf\" target=\"_blank\" rel=\"noreferrer noopener\">2022\/2<\/a><\/p>\n\n\n\n<p><a href=\"https:\/\/grad.eba.ufmg.br\/artesvisuais\/wp-content\/uploads\/2024\/06\/Artes-Visuais_Quadro-de-Horarios-2022-1.pdf\" target=\"_blank\" rel=\"noreferrer noopener\">2022\/1<\/a><\/p>\n<\/div>\n<\/div>\n\n\n\n<div style=\"height:20px\" aria-hidden=\"true\" class=\"wp-block-spacer\"><\/div>\n\n\n\n<div class=\"wp-block-group is-vertical is-layout-flex wp-container-core-group-is-layout-8cf370e7 wp-block-group-is-layout-flex\">\n<p class=\"small-caps\">Oferta de disciplinas isoladas<\/p>\n\n\n\n<div class=\"wp-block-group yuri-cl is-nowrap is-layout-flex wp-container-core-group-is-layout-ad2f72ca wp-block-group-is-layout-flex\">\n<p><strong>Semestre atual:<\/strong><\/p>\n\n\n\n<p>2025\/1 (Ainda n\u00e3o dispon\u00edvel)<\/p>\n<\/div>\n\n\n\n<div class=\"wp-block-group yuri-cl is-layout-flex wp-block-group-is-layout-flex\">\n<p><strong>Semestres anteriores:<\/strong><\/p>\n\n\n\n<p><a href=\"https:\/\/grad.eba.ufmg.br\/artesvisuais\/wp-content\/uploads\/2024\/10\/Disciplinas-isoladas-2024-2.pdf\" target=\"_blank\" rel=\"noreferrer noopener\">2024\/2<\/a>  <a href=\"https:\/\/www.eba.ufmg.br\/index.php\/vagas-disciplinas-isoladas-curso-de-graduacao-em-artes-visuais\/2024\/02\/\" target=\"_blank\" rel=\"noreferrer noopener\">2024\/1<\/a><\/p>\n\n\n\n<p><a href=\"https:\/\/grad.eba.ufmg.br\/artesvisuais\/wp-content\/uploads\/2024\/06\/Artes-Visuais_Disciplina-Isolada-2023-2.pdf\" target=\"_blank\" rel=\"noreferrer noopener\">2023\/2<\/a><\/p>\n<\/div>\n<\/div>\n\n\n\n<p><\/p>\n","protected":false},"excerpt":{"rendered":"<p>Fases de matr\u00edcula 1\u00aa fase: envio do requerimento de matr\u00edcula on-line (n\u00facleo espec\u00edfico).2\u00aa fase: envio do requerimento de inclus\u00e3o de novas atividades (n\u00facleo espec\u00edfico) em turmas com vagas.3\u00aa fase: requerimento de matr\u00edcula em Forma\u00e7\u00e3o Livre (n\u00facleo geral), Forma\u00e7\u00e3o Complementar Aberta e Forma\u00e7\u00e3o Transversal (n\u00facleo complementar).4\u00aa fase: requerimento de matr\u00edcula em AACs de p\u00f3s-gradua\u00e7\u00e3o (n\u00facleo avan\u00e7ado) &hellip; <\/p>\n<p class=\"link-more\"><a href=\"https:\/\/grad.eba.ufmg.br\/artesvisuais\/index.php\/matriculas\/\" class=\"more-link\">Continue lendo<span class=\"screen-reader-text\"> &#8220;Matr\u00edculas&#8221;<\/span><\/a><\/p>\n","protected":false},"author":1,"featured_media":0,"parent":0,"menu_order":0,"comment_status":"closed","ping_status":"closed","template":"","meta":{"footnotes":""},"class_list":["post-1117","page","type-page","status-publish","hentry"],"_links":{"self":[{"href":"https:\/\/grad.eba.ufmg.br\/artesvisuais\/index.php\/wp-json\/wp\/v2\/pages\/1117","targetHints":{"allow":["GET"]}}],"collection":[{"href":"https:\/\/grad.eba.ufmg.br\/artesvisuais\/index.php\/wp-json\/wp\/v2\/pages"}],"about":[{"href":"https:\/\/grad.eba.ufmg.br\/artesvisuais\/index.php\/wp-json\/wp\/v2\/types\/page"}],"author":[{"embeddable":true,"href":"https:\/\/grad.eba.ufmg.br\/artesvisuais\/index.php\/wp-json\/wp\/v2\/users\/1"}],"replies":[{"embeddable":true,"href":"https:\/\/grad.eba.ufmg.br\/artesvisuais\/index.php\/wp-json\/wp\/v2\/comments?post=1117"}],"version-history":[{"count":41,"href":"https:\/\/grad.eba.ufmg.br\/artesvisuais\/index.php\/wp-json\/wp\/v2\/pages\/1117\/revisions"}],"predecessor-version":[{"id":1829,"href":"https:\/\/grad.eba.ufmg.br\/artesvisuais\/index.php\/wp-json\/wp\/v2\/pages\/1117\/revisions\/1829"}],"wp:attachment":[{"href":"https:\/\/grad.eba.ufmg.br\/artesvisuais\/index.php\/wp-json\/wp\/v2\/media?parent=1117"}],"curies":[{"name":"wp","href":"https:\/\/api.w.org\/{rel}","templated":true}]}}